{"id":63,"date":"2020-03-23T09:14:50","date_gmt":"2020-03-23T09:14:50","guid":{"rendered":"http:\/\/didascalieafr.com\/?page_id=63"},"modified":"2025-07-10T08:43:08","modified_gmt":"2025-07-10T08:43:08","slug":"formation","status":"publish","type":"page","link":"https:\/\/didascalieafr.com\/?page_id=63","title":{"rendered":"FORMATION"},"content":{"rendered":"\n<p>Nous proposons deux types de prestations : des formations m\u00e9thodologiques et des formations th\u00e9matiques<\/p>\n\n\n\n<p>Nos formations m\u00e9thodologiques vous aident \u00e0 \u00e9laborer des outils de travail et \u00e0 acqu\u00e9rir une m\u00e9thode qui vous assurera une approche rigoureuse du public accueilli. <\/p>\n\n\n\n<p>Nos formations th\u00e9matiques ont pour objectifs de d\u00e9velopper des savoir-faire et des savoir-\u00eatre relatifs au sujet cibl\u00e9.Elles ouvrent la porte de la praxis en convoquant des concepts venant illustrer et \u00e9clairer la pratique du quotidien.<\/p>\n\n\n\n<hr class=\"wp-block-separator has-css-opacity\"\/>\n\n\n\n<div class=\"is-layout-flex wp-container-3 wp-block-columns\">\n<div class=\"is-layout-flow wp-block-column\">\n<h2>Formations m\u00e9thodologiques <\/h2>\n\n\n\n<p>\u25cf FM.01 \/ <a href=\"https:\/\/drive.google.com\/file\/d\/1uzGUTa-066bV_uRa-Ju_c1umWGCm7Drw\/view?usp=sharing\" target=\"_blank\" rel=\"noreferrer noopener\">LE PROJET PERSONNALIS\u00c9<\/a><\/p>\n\n\n\n<p>\u25cf FM.02 \/ <a href=\"https:\/\/drive.google.com\/file\/d\/1cDEZjt3iowYSz9A_-_sRJn9F8SXFnz1S\/view?usp=sharing\" target=\"_blank\" rel=\"noreferrer noopener\">LA FONCTION DE PORTEUR DE PROJET<\/a><\/p>\n\n\n\n<p>\u25cf FM.03 \/ <a href=\"https:\/\/drive.google.com\/file\/d\/1CLNCJ-dQXFszmvCrDcrlyY4zDoHUnDWy\/view?usp=sharing\" target=\"_blank\" rel=\"noreferrer noopener\">LES \u00c9CRITS PROFESSIONNELS<\/a> <\/p>\n\n\n\n<p>\u25cf FM.04 \/ <a href=\"https:\/\/drive.google.com\/file\/d\/1L6pseSX-xi_vd95pUmBaXQrEOk1WZkQy\/view?usp=sharing\" target=\"_blank\" rel=\"noreferrer noopener\">TRAVAILLER EN \u00c9QUIPE ET FAIRE \u00c9QUIPE<\/a><\/p>\n\n\n\n<p>\u25cf FM.05 \/ <a href=\"https:\/\/drive.google.com\/file\/d\/14P8Yxb75ObTehlwAtc0LbCMhxKOqYgrV\/view?usp=sharing\" target=\"_blank\" rel=\"noreferrer noopener\">LES VISITES \u00c0 DOMICILE<\/a><\/p>\n\n\n\n<p>\u25cf FM.06 \/ <a href=\"https:\/\/drive.google.com\/file\/d\/1--8gNv4uCTgf5OpMsSVBlFRgZY6IA77b\/view?usp=sharing\" target=\"_blank\" rel=\"noreferrer noopener\">LA GESTION DE CONFLITS ET D&rsquo;AGRESSIVIT\u00c9<\/a><\/p>\n\n\n\n<p>\u25cf FM.07 \/ <a href=\"https:\/\/drive.google.com\/file\/d\/1cT_NLKY_2TbI7hNAanJqqwi6kmTJUXo3\/view?usp=sharing\" target=\"_blank\" rel=\"noreferrer noopener\">\u00caTRE TUTEUR DE STAGE<\/a><\/p>\n\n\n\n<p>\u25cf FM.08 \/ <a href=\"https:\/\/drive.google.com\/file\/d\/1mw51NnB96K1iQnRoI84sPMg4te1dOIme\/view?usp=sharing\" target=\"_blank\" rel=\"noreferrer noopener\">INTRODUCTION \u00c0 LA SYST\u00c8MIE<\/a><\/p>\n\n\n\n<p>\u25cf FM.09 \/ <a href=\"https:\/\/drive.google.com\/file\/d\/1cxxGhH7kCGfJaM_K8onJG3o-Uyjr3oTH\/view?usp=sharing\" target=\"_blank\" rel=\"noreferrer noopener\">L&rsquo;OBSERVATION CLINIQUE EN \u00c9DUCATION SP\u00c9CIALIS\u00c9E<\/a><\/p>\n\n\n\n<p>\u25cf FM.10 \/ <a href=\"https:\/\/drive.google.com\/file\/d\/1YmmF_uwG1sT-6tpq_C3xofGmct8wUDu4\/view?usp=sharing\" target=\"_blank\" rel=\"noreferrer noopener\">ANALYSER ET DIAGNOSTIQUER<\/a><\/p>\n\n\n\n<p>\u25cf FM.11 \/ <a href=\"https:\/\/drive.google.com\/file\/d\/1DAIHuOLvrnYMZtqQxnx0bKfHlNZmug-v\/view?usp=sharing\" target=\"_blank\" rel=\"noreferrer noopener\">L&rsquo;EXPERTISE SOCIO-\u00c9DUCATIVE<\/a><\/p>\n\n\n\n<p>\u25cf FM.12 \/ <a href=\"https:\/\/drive.google.com\/file\/d\/1bAh0RqCcj-u7uRD6HyFgDEx_MKWU4A1k\/view?usp=sharing\" target=\"_blank\" rel=\"noreferrer noopener\">L\u2019\u00c9VALUATION SOCIALE ET \u00c9DUCATIVE<\/a><\/p>\n\n\n\n<p><\/p>\n\n\n\n<p>\u25cf AC.01 \/ <a href=\"https:\/\/drive.google.com\/file\/d\/1ljZl06mgqLHW74rJUc2FE7vWYz76gq69\/view?usp=sharing\" target=\"_blank\" rel=\"noreferrer noopener\">ANALYSE DES PRATIQUES PROFESSIONNELLES<\/a><\/p>\n\n\n\n<p><\/p>\n<\/div>\n\n\n\n<div class=\"is-layout-flow wp-block-column\">\n<h2>Formations th\u00e9matiques (Inclusion sociale et pr\u00e9carit\u00e9) <\/h2>\n\n\n\n<p>\u25cf FT.01 \/ <a href=\"https:\/\/drive.google.com\/file\/d\/1G-xjMu02G_OaB3bnhTeHM0hZg3aOqnz3\/view?usp=drive_link\" target=\"_blank\" rel=\"noreferrer noopener\">PR\u00c9CARIT\u00c9, D\u00c9SAFFILIATION ET SANS ABRISME<\/a><\/p>\n\n\n\n<p>\u25cf FT.02 \/ <a href=\"https:\/\/drive.google.com\/file\/d\/1mdzoCpwYmiKvMnL7oasmkz4uZ9E8nSSS\/view?usp=sharing\" target=\"_blank\" rel=\"noreferrer noopener\">ADDICTION ET PR\u00c9CARIT\u00c9<\/a><\/p>\n\n\n\n<p>\u25cf FT.03 \/ <a href=\"https:\/\/drive.google.com\/file\/d\/1Y-xLKg30NUWF8Xz4q_NdxZxRw4LaSgRi\/view?usp=sharing\" target=\"_blank\" rel=\"noreferrer noopener\">L&rsquo;ADDICTION AU F\u00c9MININ<\/a><\/p>\n\n\n\n<p><\/p>\n\n\n\n<h2>Formations th\u00e9matiques (Protection de l&rsquo;enfance)<\/h2>\n\n\n\n<p>\u25cf FT.04 \/ <a href=\"https:\/\/drive.google.com\/file\/d\/1S7S-j03Va3dQrLt2Mpi9hYFwWP3aCinz\/view?usp=sharing\" target=\"_blank\" rel=\"noreferrer noopener\">INTERVENIR DANS ET SUR LE QUOTIDIEN EN MECS<\/a><\/p>\n\n\n\n<p>\u25cf FT.05 \/ <a href=\"https:\/\/drive.google.com\/file\/d\/1miAn2c0GY4Td821vYiUF2CEgGd9Fyfal\/view?usp=sharing\" target=\"_blank\" rel=\"noreferrer noopener\">SOUTIEN \u00c0 LA PARENTALIT\u00c9 ET TRAVAIL AVEC LES FAMILLES<\/a><\/p>\n\n\n\n<p><\/p>\n\n\n\n<p><\/p>\n\n\n\n<p><\/p>\n\n\n\n<p><\/p>\n<\/div>\n<\/div>\n\n\n\n<p>Nos propositions de formations vous int\u00e9ressent mais n\u00e9cessitent d\u2019\u00eatre ajust\u00e9es et\/ou adapt\u00e9es \u00e0 votre environnement institutionnel. Contactez-nous \u00e0 chardin.sebastien@didascalieafr.com ou au 06.27.06.24.30 de fa\u00e7on \u00e0 ce que nous puissions \u00e9tablir un programme r\u00e9pondant pr\u00e9cis\u00e9ment \u00e0 vos besoins.<\/p>\n\n\n\n<hr class=\"wp-block-separator has-alpha-channel-opacity\"\/>\n\n\n\n<h2>Tarifs <\/h2>\n\n\n\n<p><\/p>\n\n\n\n<p>Formation intra \u00e9tablissement :  970 euros HT * \/ journ\u00e9e<\/p>\n\n\n\n<p>Formation individuelle : 510 euros HT * \/ journ\u00e9e <\/p>\n\n\n\n<p>*<em>TVA non applicable &#8211; Article 293b du Code g\u00e9n\u00e9ral des imp\u00f4ts<\/em><\/p>\n\n\n\n<hr class=\"wp-block-separator has-css-opacity\"\/>\n\n\n\n<p> <h2>Didascalie en chiffres<\/h2><p>C\u2019est plus de 1479 professionnels de l\u2019action sociale et m\u00e9dico-sociale form\u00e9s en 2024<\/p><\/p>\n\n\n\n<p><p>C\u2019est 92% des stagiaires \u00ab\u00a0<em>Tout \u00e0  fait satisfaits<\/em> \u00a0\u00bb de la prestation dont ils ont b\u00e9n\u00e9fici\u00e9<\/p><\/p>\n\n\n\n<p><p>C\u2019est 0 % d\u2019abandon durant les formations<\/p> <\/p>\n\n\n\n<hr class=\"wp-block-separator has-alpha-channel-opacity\"\/>\n\n\n\n<h2><a href=\"https:\/\/drive.google.com\/file\/d\/1FgaR07Si-AfGqDQBjYrv3wVTPdYD7TJY\/view?usp=sharing\" target=\"_blank\" rel=\"noreferrer noopener\">R\u00e9glement int\u00e9rieur<\/a> <\/h2>\n\n\n\n<h2><a href=\"https:\/\/drive.google.com\/file\/d\/1v6scneZMEJLDOeHZMIayxYv2YoZ3pNeq\/view?usp=sharing\" target=\"_blank\" rel=\"noreferrer noopener\">Livret d&rsquo;accueil<\/a> <\/h2>\n\n\n\n<p><\/p>\n\n\n\n<p><\/p>\n","protected":false},"excerpt":{"rendered":"<p>Nous proposons deux types de prestations : des formations m\u00e9thodologiques et des formations th\u00e9matiques Nos formations m\u00e9thodologiques vous aident \u00e0 \u00e9laborer des outils de travail et \u00e0 acqu\u00e9rir une m\u00e9thode qui vous assurera une approche rigoureuse du public accueilli. Nos formations th\u00e9matiques ont pour objectifs de d\u00e9velopper des savoir-faire et des savoir-\u00eatre relatifs au sujet [&hellip;]<\/p>\n","protected":false},"author":1,"featured_media":0,"parent":0,"menu_order":0,"comment_status":"closed","ping_status":"closed","template":"","meta":[],"yoast_head":"<!-- This site is optimized with the Yoast SEO plugin v20.4 - https:\/\/yoast.com\/wordpress\/plugins\/seo\/ -->\n<title>FORMATION - Didascalie<\/title>\n<meta name=\"robots\" content=\"index, follow, max-snippet:-1, max-image-preview:large, max-video-preview:-1\" \/>\n<link rel=\"canonical\" href=\"https:\/\/didascalieafr.com\/?page_id=63\" \/>\n<meta property=\"og:locale\" content=\"fr_FR\" \/>\n<meta property=\"og:type\" content=\"article\" \/>\n<meta property=\"og:title\" content=\"FORMATION - Didascalie\" \/>\n<meta property=\"og:description\" content=\"Nous proposons deux types de prestations : des formations m\u00e9thodologiques et des formations th\u00e9matiques Nos formations m\u00e9thodologiques vous aident \u00e0 \u00e9laborer des outils de travail et \u00e0 acqu\u00e9rir une m\u00e9thode qui vous assurera une approche rigoureuse du public accueilli. Nos formations th\u00e9matiques ont pour objectifs de d\u00e9velopper des savoir-faire et des savoir-\u00eatre relatifs au sujet [&hellip;]\" \/>\n<meta property=\"og:url\" content=\"https:\/\/didascalieafr.com\/?page_id=63\" \/>\n<meta property=\"og:site_name\" content=\"Didascalie\" \/>\n<meta property=\"article:modified_time\" content=\"2025-07-10T08:43:08+00:00\" \/>\n<meta name=\"twitter:card\" content=\"summary_large_image\" \/>\n<meta name=\"twitter:label1\" content=\"Dur\u00e9e de lecture estim\u00e9e\" \/>\n\t<meta name=\"twitter:data1\" content=\"2 minutes\" \/>\n<script type=\"application\/ld+json\" class=\"yoast-schema-graph\">{\"@context\":\"https:\/\/schema.org\",\"@graph\":[{\"@type\":\"WebPage\",\"@id\":\"https:\/\/didascalieafr.com\/?page_id=63\",\"url\":\"https:\/\/didascalieafr.com\/?page_id=63\",\"name\":\"FORMATION - Didascalie\",\"isPartOf\":{\"@id\":\"https:\/\/didascalieafr.com\/#website\"},\"datePublished\":\"2020-03-23T09:14:50+00:00\",\"dateModified\":\"2025-07-10T08:43:08+00:00\",\"breadcrumb\":{\"@id\":\"https:\/\/didascalieafr.com\/?page_id=63#breadcrumb\"},\"inLanguage\":\"fr-FR\",\"potentialAction\":[{\"@type\":\"ReadAction\",\"target\":[\"https:\/\/didascalieafr.com\/?page_id=63\"]}]},{\"@type\":\"BreadcrumbList\",\"@id\":\"https:\/\/didascalieafr.com\/?page_id=63#breadcrumb\",\"itemListElement\":[{\"@type\":\"ListItem\",\"position\":1,\"name\":\"Accueil\",\"item\":\"https:\/\/didascalieafr.com\/\"},{\"@type\":\"ListItem\",\"position\":2,\"name\":\"FORMATION\"}]},{\"@type\":\"WebSite\",\"@id\":\"https:\/\/didascalieafr.com\/#website\",\"url\":\"https:\/\/didascalieafr.com\/\",\"name\":\"Didascalie\",\"description\":\"DES M\u00c9THODES ET DES ACTIONS AU SERVICE DE l&#039;HUMAIN\",\"potentialAction\":[{\"@type\":\"SearchAction\",\"target\":{\"@type\":\"EntryPoint\",\"urlTemplate\":\"https:\/\/didascalieafr.com\/?s={search_term_string}\"},\"query-input\":\"required name=search_term_string\"}],\"inLanguage\":\"fr-FR\"}]}<\/script>\n<!-- \/ Yoast SEO plugin. -->","yoast_head_json":{"title":"FORMATION - Didascalie","robots":{"index":"index","follow":"follow","max-snippet":"max-snippet:-1","max-image-preview":"max-image-preview:large","max-video-preview":"max-video-preview:-1"},"canonical":"https:\/\/didascalieafr.com\/?page_id=63","og_locale":"fr_FR","og_type":"article","og_title":"FORMATION - Didascalie","og_description":"Nous proposons deux types de prestations : des formations m\u00e9thodologiques et des formations th\u00e9matiques Nos formations m\u00e9thodologiques vous aident \u00e0 \u00e9laborer des outils de travail et \u00e0 acqu\u00e9rir une m\u00e9thode qui vous assurera une approche rigoureuse du public accueilli. Nos formations th\u00e9matiques ont pour objectifs de d\u00e9velopper des savoir-faire et des savoir-\u00eatre relatifs au sujet [&hellip;]","og_url":"https:\/\/didascalieafr.com\/?page_id=63","og_site_name":"Didascalie","article_modified_time":"2025-07-10T08:43:08+00:00","twitter_card":"summary_large_image","twitter_misc":{"Dur\u00e9e de lecture estim\u00e9e":"2 minutes"},"schema":{"@context":"https:\/\/schema.org","@graph":[{"@type":"WebPage","@id":"https:\/\/didascalieafr.com\/?page_id=63","url":"https:\/\/didascalieafr.com\/?page_id=63","name":"FORMATION - Didascalie","isPartOf":{"@id":"https:\/\/didascalieafr.com\/#website"},"datePublished":"2020-03-23T09:14:50+00:00","dateModified":"2025-07-10T08:43:08+00:00","breadcrumb":{"@id":"https:\/\/didascalieafr.com\/?page_id=63#breadcrumb"},"inLanguage":"fr-FR","potentialAction":[{"@type":"ReadAction","target":["https:\/\/didascalieafr.com\/?page_id=63"]}]},{"@type":"BreadcrumbList","@id":"https:\/\/didascalieafr.com\/?page_id=63#breadcrumb","itemListElement":[{"@type":"ListItem","position":1,"name":"Accueil","item":"https:\/\/didascalieafr.com\/"},{"@type":"ListItem","position":2,"name":"FORMATION"}]},{"@type":"WebSite","@id":"https:\/\/didascalieafr.com\/#website","url":"https:\/\/didascalieafr.com\/","name":"Didascalie","description":"DES M\u00c9THODES ET DES ACTIONS AU SERVICE DE l&#039;HUMAIN","potentialAction":[{"@type":"SearchAction","target":{"@type":"EntryPoint","urlTemplate":"https:\/\/didascalieafr.com\/?s={search_term_string}"},"query-input":"required name=search_term_string"}],"inLanguage":"fr-FR"}]}},"_links":{"self":[{"href":"https:\/\/didascalieafr.com\/index.php?rest_route=\/wp\/v2\/pages\/63"}],"collection":[{"href":"https:\/\/didascalieafr.com\/index.php?rest_route=\/wp\/v2\/pages"}],"about":[{"href":"https:\/\/didascalieafr.com\/index.php?rest_route=\/wp\/v2\/types\/page"}],"author":[{"embeddable":true,"href":"https:\/\/didascalieafr.com\/index.php?rest_route=\/wp\/v2\/users\/1"}],"replies":[{"embeddable":true,"href":"https:\/\/didascalieafr.com\/index.php?rest_route=%2Fwp%2Fv2%2Fcomments&post=63"}],"version-history":[{"count":94,"href":"https:\/\/didascalieafr.com\/index.php?rest_route=\/wp\/v2\/pages\/63\/revisions"}],"predecessor-version":[{"id":756,"href":"https:\/\/didascalieafr.com\/index.php?rest_route=\/wp\/v2\/pages\/63\/revisions\/756"}],"wp:attachment":[{"href":"https:\/\/didascalieafr.com\/index.php?rest_route=%2Fwp%2Fv2%2Fmedia&parent=63"}],"curies":[{"name":"wp","href":"https:\/\/api.w.org\/{rel}","templated":true}]}}