{"id":61,"date":"2020-03-23T09:14:29","date_gmt":"2020-03-23T09:14:29","guid":{"rendered":"http:\/\/didascalieafr.com\/?page_id=61"},"modified":"2024-09-03T09:10:42","modified_gmt":"2024-09-03T09:10:42","slug":"accompagnement","status":"publish","type":"page","link":"https:\/\/didascalieafr.com\/?page_id=61","title":{"rendered":"CONSEIL &#8211; ACCOMPAGNEMENT"},"content":{"rendered":"\n<p><strong>Vos connaissances et expertises professionnelles sont les piliers de nos m\u00e9thodologies.<\/strong> <\/p>\n\n\n\n<p>Celles-ci reposent sur trois axes principaux :<\/p>\n\n\n\n<ul>\n<li>Un axe axiologique&nbsp;: Les finalit\u00e9s et objectifs que nous poursuivons<\/li>\n\n\n\n<li>Un axe prax\u00e9ologique&nbsp;: Les outils et les m\u00e9thodes que nous mettons en place pour r\u00e9pondre \u00e0 vos besoins<\/li>\n\n\n\n<li>Un axe \u00e9thique&nbsp;: Les valeurs qui sous-tendent aussi bien les objectifs que les moyens impl\u00e9ment\u00e9s.<\/li>\n<\/ul>\n\n\n\n<p>Les moyens que nous employons pour vous accompagner seront toujours sp\u00e9cifiques et  adapt\u00e9s aux objectifs que nous poursuivons ensemble. Selon vos demandes,  contextes et environnements, nous pourrons, en fonction des projets, utiliser des approches aussi bien  issues des sciences sociales, du design thinking, des mod\u00e8les d&rsquo;accompagnement au changement, de la r\u00e9solution de probl\u00e8mes complexes, de l&rsquo;analyse syst\u00e8me etc.<\/p>\n\n\n\n<p>Ainsi, par le biais d\u2019une approche collaborative, que nous vous aidons \u00e0 d\u00e9velopper de nouveaux savoirs, \u00e0 transformer vos pratiques, et \u00e0 innover dans vos m\u00e9thodes de travail.<\/p>\n\n\n\n<p><strong>Nous vous proposons : <\/strong><\/p>\n\n\n<div class=\"wp-block-image\">\n<figure class=\"aligncenter size-full is-resized\"><img decoding=\"async\" loading=\"lazy\" src=\"https:\/\/didascalieafr.com\/wp-content\/uploads\/2024\/08\/Page-conseil-1-1.png\" alt=\"\" class=\"wp-image-672\" width=\"596\" height=\"358\" srcset=\"https:\/\/didascalieafr.com\/wp-content\/uploads\/2024\/08\/Page-conseil-1-1.png 1022w, https:\/\/didascalieafr.com\/wp-content\/uploads\/2024\/08\/Page-conseil-1-1-300x180.png 300w, https:\/\/didascalieafr.com\/wp-content\/uploads\/2024\/08\/Page-conseil-1-1-768x461.png 768w\" sizes=\"(max-width: 596px) 100vw, 596px\" \/><\/figure><\/div>\n\n\n<hr class=\"wp-block-separator has-alpha-channel-opacity\"\/>\n\n\n\n<div class=\"is-layout-flex wp-container-3 wp-block-columns\">\n<div class=\"is-layout-flow wp-block-column\">\n<p><strong>Co-\u00e9laboration et r\u00e9daction de projet d&rsquo;\u00e9tablissement et de service:<\/strong> En mobilisant et impliquant vos \u00e9quipes autour du projet d&rsquo;\u00e9tablissement, nous vous aidons \u00e0 analyser et questionner votre organisation, vos ressources, ainsi que votre d\u00e9marche qualit\u00e9, tout en co-d\u00e9finissant ensemble les perspectives et orientations futures.<\/p>\n<\/div>\n\n\n\n<div class=\"is-layout-flow wp-block-column\">\n<p><strong>Conduite de recherche-action :<\/strong> Inscrites dans une d\u00e9marche r\u00e9flexive, nos recherches-actions, favorisent la coconstruction de nouvelles connaissances, engendrent des changements de paradigmes et deviennent des moteurs de transformation et d\u2019innovation<\/p>\n<\/div>\n<\/div>\n\n\n\n<div class=\"is-layout-flex wp-container-6 wp-block-columns\">\n<div class=\"is-layout-flow wp-block-column\">\n<p><strong>R\u00e9alisation de diagnostic socio-organisationnel : <\/strong>Par l\u2019identification de vos strat\u00e9gies, de vos structures et de vos syst\u00e8mes, nous analysons votre organisation, \u00e9valuons les dynamiques et les enjeux de votre \u00e9tablissement et \u00e9laborons ensemble un diagnostic partag\u00e9.<\/p>\n<\/div>\n\n\n\n<div class=\"is-layout-flow wp-block-column\">\n<p><strong>Animation de RETEX et de COMEX :<\/strong> L\u2019analyse r\u00e9trospective de faits et \u00e9v\u00e9nements permet une identification des forces et des faiblesses des professionnels. \u00c0 travers cette r\u00e9flexion sur son agir, nous visons \u00e0 capitaliser les bonnes pratiques et \u00e0 formaliser les apprentissages<\/p>\n<\/div>\n<\/div>\n\n\n\n<div class=\"is-layout-flex wp-container-9 wp-block-columns\">\n<div class=\"is-layout-flow wp-block-column\">\n<p><strong>Pr\u00e9paration \u00e0 l&rsquo;\u00e9valuation de la qualit\u00e9 :<\/strong> En tant qu\u2019\u00e9valuateur qualit\u00e9 HAS, nous vous assistons dans la compr\u00e9hension des 157 crit\u00e8res du r\u00e9f\u00e9rentiel, dans la mise en place des indicateurs de qualit\u00e9 et dans l\u2019analyse et les r\u00e9ponses aux \u00e9carts de conformit\u00e9.<\/p>\n<\/div>\n\n\n\n<div class=\"is-layout-flow wp-block-column\">\n<p><strong>Impl\u00e9mentation d&rsquo;une d\u00e9marche qualit\u00e9 : <\/strong>La mise en place d&rsquo;une d\u00e9marche qualit\u00e9 au sein de votre \u00e9tablissement aborde divers aspects tels que la lutte contre la maltraitance, la participation des personnes accueillies, la gestion des risques, la qualit\u00e9 de vie au travail ou encore la responsabilit\u00e9 soci\u00e9tale des entreprises.<\/p>\n<\/div>\n<\/div>\n\n\n\n<div class=\"is-layout-flex wp-container-12 wp-block-columns\">\n<div class=\"is-layout-flow wp-block-column\">\n<p><strong>Accompagnement au changement dans les pratiques et les postures : <\/strong>Les m\u00e9thodes que nous employons pour vous accompagner sont syst\u00e9matiquement adapt\u00e9es \u00e0 votre contexte institutionnel. En optant pour des approches et des m\u00e9thodes bienveillantes et progressives, nous veillons \u00e0 minimiser l&rsquo;impact du changement<\/p>\n<\/div>\n\n\n\n<div class=\"is-layout-flow wp-block-column\">\n<p><strong>R\u00e9solution de conflits : <\/strong>Apr\u00e8s avoir analys\u00e9 la situation et effectu\u00e9 un diagnostic partag\u00e9, nous posons les bases d\u2019un climat de confiance. Nous utilisons ensuite des techniques de m\u00e9diation et d&rsquo;arbitrage pour faciliter les \u00e9changes et r\u00e9soudre les conflits.<\/p>\n<\/div>\n<\/div>\n","protected":false},"excerpt":{"rendered":"<p>Vos connaissances et expertises professionnelles sont les piliers de nos m\u00e9thodologies. Celles-ci reposent sur trois axes principaux : Les moyens que nous employons pour vous accompagner seront toujours sp\u00e9cifiques et adapt\u00e9s aux objectifs que nous poursuivons ensemble. Selon vos demandes, contextes et environnements, nous pourrons, en fonction des projets, utiliser des approches aussi bien issues [&hellip;]<\/p>\n","protected":false},"author":1,"featured_media":0,"parent":0,"menu_order":0,"comment_status":"closed","ping_status":"closed","template":"","meta":[],"yoast_head":"<!-- This site is optimized with the Yoast SEO plugin v20.4 - https:\/\/yoast.com\/wordpress\/plugins\/seo\/ -->\n<title>CONSEIL - ACCOMPAGNEMENT - Didascalie<\/title>\n<meta name=\"robots\" content=\"index, follow, max-snippet:-1, max-image-preview:large, max-video-preview:-1\" \/>\n<link rel=\"canonical\" href=\"https:\/\/didascalieafr.com\/?page_id=61\" \/>\n<meta property=\"og:locale\" content=\"fr_FR\" \/>\n<meta property=\"og:type\" content=\"article\" \/>\n<meta property=\"og:title\" content=\"CONSEIL - ACCOMPAGNEMENT - Didascalie\" \/>\n<meta property=\"og:description\" content=\"Vos connaissances et expertises professionnelles sont les piliers de nos m\u00e9thodologies. Celles-ci reposent sur trois axes principaux : Les moyens que nous employons pour vous accompagner seront toujours sp\u00e9cifiques et adapt\u00e9s aux objectifs que nous poursuivons ensemble. Selon vos demandes, contextes et environnements, nous pourrons, en fonction des projets, utiliser des approches aussi bien issues [&hellip;]\" \/>\n<meta property=\"og:url\" content=\"https:\/\/didascalieafr.com\/?page_id=61\" \/>\n<meta property=\"og:site_name\" content=\"Didascalie\" \/>\n<meta property=\"article:modified_time\" content=\"2024-09-03T09:10:42+00:00\" \/>\n<meta property=\"og:image\" content=\"https:\/\/didascalieafr.com\/wp-content\/uploads\/2024\/08\/Page-conseil-1-1.png\" \/>\n<meta name=\"twitter:card\" content=\"summary_large_image\" \/>\n<meta name=\"twitter:label1\" content=\"Dur\u00e9e de lecture estim\u00e9e\" \/>\n\t<meta name=\"twitter:data1\" content=\"3 minutes\" \/>\n<script type=\"application\/ld+json\" class=\"yoast-schema-graph\">{\"@context\":\"https:\/\/schema.org\",\"@graph\":[{\"@type\":\"WebPage\",\"@id\":\"https:\/\/didascalieafr.com\/?page_id=61\",\"url\":\"https:\/\/didascalieafr.com\/?page_id=61\",\"name\":\"CONSEIL - ACCOMPAGNEMENT - Didascalie\",\"isPartOf\":{\"@id\":\"https:\/\/didascalieafr.com\/#website\"},\"datePublished\":\"2020-03-23T09:14:29+00:00\",\"dateModified\":\"2024-09-03T09:10:42+00:00\",\"breadcrumb\":{\"@id\":\"https:\/\/didascalieafr.com\/?page_id=61#breadcrumb\"},\"inLanguage\":\"fr-FR\",\"potentialAction\":[{\"@type\":\"ReadAction\",\"target\":[\"https:\/\/didascalieafr.com\/?page_id=61\"]}]},{\"@type\":\"BreadcrumbList\",\"@id\":\"https:\/\/didascalieafr.com\/?page_id=61#breadcrumb\",\"itemListElement\":[{\"@type\":\"ListItem\",\"position\":1,\"name\":\"Accueil\",\"item\":\"https:\/\/didascalieafr.com\/\"},{\"@type\":\"ListItem\",\"position\":2,\"name\":\"CONSEIL &#8211; ACCOMPAGNEMENT\"}]},{\"@type\":\"WebSite\",\"@id\":\"https:\/\/didascalieafr.com\/#website\",\"url\":\"https:\/\/didascalieafr.com\/\",\"name\":\"Didascalie\",\"description\":\"DES M\u00c9THODES ET DES ACTIONS AU SERVICE DE l&#039;HUMAIN\",\"potentialAction\":[{\"@type\":\"SearchAction\",\"target\":{\"@type\":\"EntryPoint\",\"urlTemplate\":\"https:\/\/didascalieafr.com\/?s={search_term_string}\"},\"query-input\":\"required name=search_term_string\"}],\"inLanguage\":\"fr-FR\"}]}<\/script>\n<!-- \/ Yoast SEO plugin. -->","yoast_head_json":{"title":"CONSEIL - ACCOMPAGNEMENT - Didascalie","robots":{"index":"index","follow":"follow","max-snippet":"max-snippet:-1","max-image-preview":"max-image-preview:large","max-video-preview":"max-video-preview:-1"},"canonical":"https:\/\/didascalieafr.com\/?page_id=61","og_locale":"fr_FR","og_type":"article","og_title":"CONSEIL - ACCOMPAGNEMENT - Didascalie","og_description":"Vos connaissances et expertises professionnelles sont les piliers de nos m\u00e9thodologies. Celles-ci reposent sur trois axes principaux : Les moyens que nous employons pour vous accompagner seront toujours sp\u00e9cifiques et adapt\u00e9s aux objectifs que nous poursuivons ensemble. Selon vos demandes, contextes et environnements, nous pourrons, en fonction des projets, utiliser des approches aussi bien issues [&hellip;]","og_url":"https:\/\/didascalieafr.com\/?page_id=61","og_site_name":"Didascalie","article_modified_time":"2024-09-03T09:10:42+00:00","og_image":[{"url":"https:\/\/didascalieafr.com\/wp-content\/uploads\/2024\/08\/Page-conseil-1-1.png"}],"twitter_card":"summary_large_image","twitter_misc":{"Dur\u00e9e de lecture estim\u00e9e":"3 minutes"},"schema":{"@context":"https:\/\/schema.org","@graph":[{"@type":"WebPage","@id":"https:\/\/didascalieafr.com\/?page_id=61","url":"https:\/\/didascalieafr.com\/?page_id=61","name":"CONSEIL - ACCOMPAGNEMENT - Didascalie","isPartOf":{"@id":"https:\/\/didascalieafr.com\/#website"},"datePublished":"2020-03-23T09:14:29+00:00","dateModified":"2024-09-03T09:10:42+00:00","breadcrumb":{"@id":"https:\/\/didascalieafr.com\/?page_id=61#breadcrumb"},"inLanguage":"fr-FR","potentialAction":[{"@type":"ReadAction","target":["https:\/\/didascalieafr.com\/?page_id=61"]}]},{"@type":"BreadcrumbList","@id":"https:\/\/didascalieafr.com\/?page_id=61#breadcrumb","itemListElement":[{"@type":"ListItem","position":1,"name":"Accueil","item":"https:\/\/didascalieafr.com\/"},{"@type":"ListItem","position":2,"name":"CONSEIL &#8211; ACCOMPAGNEMENT"}]},{"@type":"WebSite","@id":"https:\/\/didascalieafr.com\/#website","url":"https:\/\/didascalieafr.com\/","name":"Didascalie","description":"DES M\u00c9THODES ET DES ACTIONS AU SERVICE DE l&#039;HUMAIN","potentialAction":[{"@type":"SearchAction","target":{"@type":"EntryPoint","urlTemplate":"https:\/\/didascalieafr.com\/?s={search_term_string}"},"query-input":"required name=search_term_string"}],"inLanguage":"fr-FR"}]}},"_links":{"self":[{"href":"https:\/\/didascalieafr.com\/index.php?rest_route=\/wp\/v2\/pages\/61"}],"collection":[{"href":"https:\/\/didascalieafr.com\/index.php?rest_route=\/wp\/v2\/pages"}],"about":[{"href":"https:\/\/didascalieafr.com\/index.php?rest_route=\/wp\/v2\/types\/page"}],"author":[{"embeddable":true,"href":"https:\/\/didascalieafr.com\/index.php?rest_route=\/wp\/v2\/users\/1"}],"replies":[{"embeddable":true,"href":"https:\/\/didascalieafr.com\/index.php?rest_route=%2Fwp%2Fv2%2Fcomments&post=61"}],"version-history":[{"count":37,"href":"https:\/\/didascalieafr.com\/index.php?rest_route=\/wp\/v2\/pages\/61\/revisions"}],"predecessor-version":[{"id":718,"href":"https:\/\/didascalieafr.com\/index.php?rest_route=\/wp\/v2\/pages\/61\/revisions\/718"}],"wp:attachment":[{"href":"https:\/\/didascalieafr.com\/index.php?rest_route=%2Fwp%2Fv2%2Fmedia&parent=61"}],"curies":[{"name":"wp","href":"https:\/\/api.w.org\/{rel}","templated":true}]}}