{"id":505,"date":"2022-09-02T12:35:04","date_gmt":"2022-09-02T12:35:04","guid":{"rendered":"http:\/\/didascalieafr.com\/?page_id=505"},"modified":"2022-09-02T12:35:04","modified_gmt":"2022-09-02T12:35:04","slug":"mentions-legales","status":"publish","type":"page","link":"https:\/\/didascalieafr.com\/?page_id=505","title":{"rendered":"Mentions l\u00e9gales"},"content":{"rendered":"\n<p><strong>En application de la loi n\u00b02004-575 du 21 juin 2004 relative \u00e0 la confiance dans l\u2019\u00e9conomie num\u00e9rique, vous trouverez ci-dessous les informations l\u00e9gales concernant ce site :<\/strong><\/p>\n\n\n\n<p><strong>Protection des donn\u00e9es personnelles<\/strong><br>Conform\u00e9ment \u00e0 la loi Informatique et Libert\u00e9s du 6 janvier 1978 (art. 34), vous disposez d\u2019un droit d\u2019acc\u00e8s, de rectification ou de suppression concernant les donn\u00e9es personnelles que nous pourrions \u00eatre amen\u00e9s \u00e0 recueillir (donn\u00e9es renseign\u00e9es par vous).<\/p>\n\n\n\n<div class=\"wp-block-image\"><figure class=\"alignright\"><a href=\"http:\/\/www.ec44.fr\/tice\/wp-content\/uploads\/2013\/09\/CC.jpg\"><img decoding=\"async\" src=\"http:\/\/www.ec44.fr\/tice\/wp-content\/uploads\/2013\/09\/CC-300x104.jpg\" alt=\"CC\" class=\"wp-image-199\"\/><\/a><\/figure><\/div>\n\n\n\n<p><strong>Droits d\u2019auteur<\/strong><br>Tous les articles et documents de ce site sont sous licence Cr\u00e9ative Commons. Vous pouvez les t\u00e9l\u00e9charger et les utiliser \u00e0 des fins p\u00e9dagogiques. Nous vous demandons de conserver la source.<\/p>\n\n\n\n<p>Malgr\u00e9 tous les soins apport\u00e9s \u00e0 la r\u00e9alisation de ce site et \u00e0 son actualisation r\u00e9guli\u00e8re, des erreurs peuvent s\u2019\u00eatre gliss\u00e9es dans les informations et\/ou documents pr\u00e9sent\u00e9s. Si vous en constatez n\u2019h\u00e9sitez pas \u00e0 nous le faire savoir en nous contactant, nous proc\u00e9derons aux rectifications correspondantes.<\/p>\n\n\n\n<p><strong>Liens hypertextes<\/strong><br>Ce site contient des liens hypertextes permettant l\u2019acc\u00e8s \u00e0 des sites qui ne sont pas \u00e9dit\u00e9s par le responsable de ce site.<br>En cons\u00e9quence le directeur de publication ne saurait \u00eatre tenu pour responsable du contenu des sites auxquels l\u2019internaute aurait ainsi acc\u00e8s.<\/p>\n\n\n\n<p><strong>\u00c9diteur responsable<\/strong><br>Le pr\u00e9sent site est la propri\u00e9t\u00e9 de Didascalie<br>Le directeur de la publication est S\u00e9bastien Cahrdin<br>Le webmaster est S\u00e9bastien Chardin<\/p>\n\n\n\n<p><\/p>\n","protected":false},"excerpt":{"rendered":"<p>En application de la loi n\u00b02004-575 du 21 juin 2004 relative \u00e0 la confiance dans l\u2019\u00e9conomie num\u00e9rique, vous trouverez ci-dessous les informations l\u00e9gales concernant ce site : Protection des donn\u00e9es personnellesConform\u00e9ment \u00e0 la loi Informatique et Libert\u00e9s du 6 janvier 1978 (art. 34), vous disposez d\u2019un droit d\u2019acc\u00e8s, de rectification ou de suppression concernant les [&hellip;]<\/p>\n","protected":false},"author":1,"featured_media":0,"parent":0,"menu_order":0,"comment_status":"closed","ping_status":"closed","template":"","meta":[],"yoast_head":"<!-- This site is optimized with the Yoast SEO plugin v20.4 - https:\/\/yoast.com\/wordpress\/plugins\/seo\/ -->\n<title>Mentions l\u00e9gales - Didascalie<\/title>\n<meta name=\"robots\" content=\"index, follow, max-snippet:-1, max-image-preview:large, max-video-preview:-1\" \/>\n<link rel=\"canonical\" href=\"https:\/\/didascalieafr.com\/?page_id=505\" \/>\n<meta property=\"og:locale\" content=\"fr_FR\" \/>\n<meta property=\"og:type\" content=\"article\" \/>\n<meta property=\"og:title\" content=\"Mentions l\u00e9gales - Didascalie\" \/>\n<meta property=\"og:description\" content=\"En application de la loi n\u00b02004-575 du 21 juin 2004 relative \u00e0 la confiance dans l\u2019\u00e9conomie num\u00e9rique, vous trouverez ci-dessous les informations l\u00e9gales concernant ce site : Protection des donn\u00e9es personnellesConform\u00e9ment \u00e0 la loi Informatique et Libert\u00e9s du 6 janvier 1978 (art. 34), vous disposez d\u2019un droit d\u2019acc\u00e8s, de rectification ou de suppression concernant les [&hellip;]\" \/>\n<meta property=\"og:url\" content=\"https:\/\/didascalieafr.com\/?page_id=505\" \/>\n<meta property=\"og:site_name\" content=\"Didascalie\" \/>\n<meta property=\"og:image\" content=\"http:\/\/www.ec44.fr\/tice\/wp-content\/uploads\/2013\/09\/CC-300x104.jpg\" \/>\n<meta name=\"twitter:card\" content=\"summary_large_image\" \/>\n<meta name=\"twitter:label1\" content=\"Dur\u00e9e de lecture estim\u00e9e\" \/>\n\t<meta name=\"twitter:data1\" content=\"1 minute\" \/>\n<script type=\"application\/ld+json\" class=\"yoast-schema-graph\">{\"@context\":\"https:\/\/schema.org\",\"@graph\":[{\"@type\":\"WebPage\",\"@id\":\"https:\/\/didascalieafr.com\/?page_id=505\",\"url\":\"https:\/\/didascalieafr.com\/?page_id=505\",\"name\":\"Mentions l\u00e9gales - Didascalie\",\"isPartOf\":{\"@id\":\"https:\/\/didascalieafr.com\/#website\"},\"datePublished\":\"2022-09-02T12:35:04+00:00\",\"dateModified\":\"2022-09-02T12:35:04+00:00\",\"breadcrumb\":{\"@id\":\"https:\/\/didascalieafr.com\/?page_id=505#breadcrumb\"},\"inLanguage\":\"fr-FR\",\"potentialAction\":[{\"@type\":\"ReadAction\",\"target\":[\"https:\/\/didascalieafr.com\/?page_id=505\"]}]},{\"@type\":\"BreadcrumbList\",\"@id\":\"https:\/\/didascalieafr.com\/?page_id=505#breadcrumb\",\"itemListElement\":[{\"@type\":\"ListItem\",\"position\":1,\"name\":\"Accueil\",\"item\":\"https:\/\/didascalieafr.com\/\"},{\"@type\":\"ListItem\",\"position\":2,\"name\":\"Mentions l\u00e9gales\"}]},{\"@type\":\"WebSite\",\"@id\":\"https:\/\/didascalieafr.com\/#website\",\"url\":\"https:\/\/didascalieafr.com\/\",\"name\":\"Didascalie\",\"description\":\"DES M\u00c9THODES ET DES ACTIONS AU SERVICE DE l&#039;HUMAIN\",\"potentialAction\":[{\"@type\":\"SearchAction\",\"target\":{\"@type\":\"EntryPoint\",\"urlTemplate\":\"https:\/\/didascalieafr.com\/?s={search_term_string}\"},\"query-input\":\"required name=search_term_string\"}],\"inLanguage\":\"fr-FR\"}]}<\/script>\n<!-- \/ Yoast SEO plugin. -->","yoast_head_json":{"title":"Mentions l\u00e9gales - Didascalie","robots":{"index":"index","follow":"follow","max-snippet":"max-snippet:-1","max-image-preview":"max-image-preview:large","max-video-preview":"max-video-preview:-1"},"canonical":"https:\/\/didascalieafr.com\/?page_id=505","og_locale":"fr_FR","og_type":"article","og_title":"Mentions l\u00e9gales - Didascalie","og_description":"En application de la loi n\u00b02004-575 du 21 juin 2004 relative \u00e0 la confiance dans l\u2019\u00e9conomie num\u00e9rique, vous trouverez ci-dessous les informations l\u00e9gales concernant ce site : Protection des donn\u00e9es personnellesConform\u00e9ment \u00e0 la loi Informatique et Libert\u00e9s du 6 janvier 1978 (art. 34), vous disposez d\u2019un droit d\u2019acc\u00e8s, de rectification ou de suppression concernant les [&hellip;]","og_url":"https:\/\/didascalieafr.com\/?page_id=505","og_site_name":"Didascalie","og_image":[{"url":"http:\/\/www.ec44.fr\/tice\/wp-content\/uploads\/2013\/09\/CC-300x104.jpg"}],"twitter_card":"summary_large_image","twitter_misc":{"Dur\u00e9e de lecture estim\u00e9e":"1 minute"},"schema":{"@context":"https:\/\/schema.org","@graph":[{"@type":"WebPage","@id":"https:\/\/didascalieafr.com\/?page_id=505","url":"https:\/\/didascalieafr.com\/?page_id=505","name":"Mentions l\u00e9gales - Didascalie","isPartOf":{"@id":"https:\/\/didascalieafr.com\/#website"},"datePublished":"2022-09-02T12:35:04+00:00","dateModified":"2022-09-02T12:35:04+00:00","breadcrumb":{"@id":"https:\/\/didascalieafr.com\/?page_id=505#breadcrumb"},"inLanguage":"fr-FR","potentialAction":[{"@type":"ReadAction","target":["https:\/\/didascalieafr.com\/?page_id=505"]}]},{"@type":"BreadcrumbList","@id":"https:\/\/didascalieafr.com\/?page_id=505#breadcrumb","itemListElement":[{"@type":"ListItem","position":1,"name":"Accueil","item":"https:\/\/didascalieafr.com\/"},{"@type":"ListItem","position":2,"name":"Mentions l\u00e9gales"}]},{"@type":"WebSite","@id":"https:\/\/didascalieafr.com\/#website","url":"https:\/\/didascalieafr.com\/","name":"Didascalie","description":"DES M\u00c9THODES ET DES ACTIONS AU SERVICE DE l&#039;HUMAIN","potentialAction":[{"@type":"SearchAction","target":{"@type":"EntryPoint","urlTemplate":"https:\/\/didascalieafr.com\/?s={search_term_string}"},"query-input":"required name=search_term_string"}],"inLanguage":"fr-FR"}]}},"_links":{"self":[{"href":"https:\/\/didascalieafr.com\/index.php?rest_route=\/wp\/v2\/pages\/505"}],"collection":[{"href":"https:\/\/didascalieafr.com\/index.php?rest_route=\/wp\/v2\/pages"}],"about":[{"href":"https:\/\/didascalieafr.com\/index.php?rest_route=\/wp\/v2\/types\/page"}],"author":[{"embeddable":true,"href":"https:\/\/didascalieafr.com\/index.php?rest_route=\/wp\/v2\/users\/1"}],"replies":[{"embeddable":true,"href":"https:\/\/didascalieafr.com\/index.php?rest_route=%2Fwp%2Fv2%2Fcomments&post=505"}],"version-history":[{"count":1,"href":"https:\/\/didascalieafr.com\/index.php?rest_route=\/wp\/v2\/pages\/505\/revisions"}],"predecessor-version":[{"id":506,"href":"https:\/\/didascalieafr.com\/index.php?rest_route=\/wp\/v2\/pages\/505\/revisions\/506"}],"wp:attachment":[{"href":"https:\/\/didascalieafr.com\/index.php?rest_route=%2Fwp%2Fv2%2Fmedia&parent=505"}],"curies":[{"name":"wp","href":"https:\/\/api.w.org\/{rel}","templated":true}]}}