{"id":47,"date":"2020-03-23T08:46:51","date_gmt":"2020-03-23T08:46:51","guid":{"rendered":"http:\/\/didascalieafr.com\/?page_id=47"},"modified":"2025-09-22T13:31:32","modified_gmt":"2025-09-22T13:31:32","slug":"accueil","status":"publish","type":"page","link":"https:\/\/didascalieafr.com\/","title":{"rendered":"ACCUEIL"},"content":{"rendered":"\n<h2>Notre expertise \u00e0 votre service<\/h2>\n\n\n\n<p><strong>Didascalie est un cabinet de formation et de conseil<\/strong> d\u00e9di\u00e9 aux professionnels de l\u2019action sociale et m\u00e9dico-sociale. Nos prestations s\u2019appuient sur une p\u00e9dagogie et un accompagnement adapt\u00e9s aux travailleurs sociaux et aux cadres, quels que soient les publics qu&rsquo;ils accueillent. <\/p>\n\n\n\n<p>\u00c0 la lumi\u00e8re d\u2019Edgar Morin, nous nous inscrivons dans le cadre de la pens\u00e9e complexe. Nos actions se nourrissent de diff\u00e9rents champs disciplinaires tels que la sociologie des organisations, l\u2019ergologie, la psychologie sociale, les sciences de l\u2019\u00e9ducation et la philosophie.<\/p>\n\n\n\n<p><strong>Relier les champs de connaissance, afin de relier davantage les personnes<\/strong>, tel est l\u2019objectif de nos actions.<\/p>\n\n\n\n<p><\/p>\n\n\n\n<p><strong>S\u00e9bastien Chardin, je suis le fondateur de Didascalie install\u00e9 \u00e0 la Wantzenau depuis 2017<\/strong>. Titulaire d\u2019une licence de philosophie et d\u2019un master en sciences sociales, j\u2019ai exerc\u00e9 en tant qu\u2019\u00e9ducateur sp\u00e9cialis\u00e9 et cadre dans divers \u00e9tablissements sociaux. J\u2019enseigne \u00e9galement dans les \u00e9coles de travail social et au sein de l\u2019universit\u00e9 de Strasbourg. <\/p>\n\n\n\n<p><\/p>\n\n\n\n<p>Pour consulter et t\u00e9l\u00e9charger notre catalogue :  <a href=\"https:\/\/drive.google.com\/file\/d\/1m74FGKgwWLC6iuyU3TII2HPKT-9uQ7f2\/view?usp=drive_link\" target=\"_blank\" rel=\"noreferrer noopener\">Conseil &#8211; Formation &#8211; Recherche 2026<\/a>   <\/p>\n\n\n\n<div class=\"is-layout-constrained wp-block-group\"><div class=\"wp-block-group__inner-container\">\n<div class=\"is-layout-flex wp-container-4 wp-block-columns\">\n<div class=\"is-layout-flow wp-block-column\">\n<figure class=\"wp-block-image size-large\"><img decoding=\"async\" loading=\"lazy\" width=\"1024\" height=\"999\" src=\"https:\/\/didascalieafr.com\/wp-content\/uploads\/2025\/08\/IMG_20250824_144513-1-1024x999.jpg\" alt=\"\" class=\"wp-image-765\" srcset=\"https:\/\/didascalieafr.com\/wp-content\/uploads\/2025\/08\/IMG_20250824_144513-1-1024x999.jpg 1024w, https:\/\/didascalieafr.com\/wp-content\/uploads\/2025\/08\/IMG_20250824_144513-1-300x293.jpg 300w, https:\/\/didascalieafr.com\/wp-content\/uploads\/2025\/08\/IMG_20250824_144513-1-768x749.jpg 768w, https:\/\/didascalieafr.com\/wp-content\/uploads\/2025\/08\/IMG_20250824_144513-1-1536x1498.jpg 1536w, https:\/\/didascalieafr.com\/wp-content\/uploads\/2025\/08\/IMG_20250824_144513-1-2048x1997.jpg 2048w\" sizes=\"(max-width: 1024px) 100vw, 1024px\" \/><\/figure>\n<\/div>\n\n\n\n<div class=\"is-layout-flow wp-block-column\"><\/div>\n\n\n\n<div class=\"is-layout-flow wp-block-column\">\n<figure class=\"wp-block-image size-large is-resized\"><img decoding=\"async\" loading=\"lazy\" src=\"https:\/\/didascalieafr.com\/wp-content\/uploads\/2025\/04\/DIDASCALIE-NOIR-882x1024.png\" alt=\"\" class=\"wp-image-739\" width=\"208\" height=\"241\" srcset=\"https:\/\/didascalieafr.com\/wp-content\/uploads\/2025\/04\/DIDASCALIE-NOIR-882x1024.png 882w, https:\/\/didascalieafr.com\/wp-content\/uploads\/2025\/04\/DIDASCALIE-NOIR-258x300.png 258w, https:\/\/didascalieafr.com\/wp-content\/uploads\/2025\/04\/DIDASCALIE-NOIR-768x892.png 768w, https:\/\/didascalieafr.com\/wp-content\/uploads\/2025\/04\/DIDASCALIE-NOIR-1323x1536.png 1323w, https:\/\/didascalieafr.com\/wp-content\/uploads\/2025\/04\/DIDASCALIE-NOIR-1764x2048.png 1764w, https:\/\/didascalieafr.com\/wp-content\/uploads\/2025\/04\/DIDASCALIE-NOIR.png 1892w\" sizes=\"(max-width: 208px) 100vw, 208px\" \/><\/figure>\n<\/div>\n<\/div>\n<\/div><\/div>\n\n\n\n<hr class=\"wp-block-separator has-css-opacity\"\/>\n\n\n\n<h2>Publications<\/h2>\n\n\n\n<p>\u25cf <a href=\"https:\/\/drive.google.com\/file\/d\/1YX_3tY0ZvB3TU7LemFmIS7eiO9Ieg3Ew\/view?usp=sharing\" target=\"_blank\" rel=\"noreferrer noopener\">L&rsquo;accompagnement social et \u00e9ducatif \u00e0 l&rsquo;aune de la temporalit\u00e9 des personnes accueillies<\/a>, Le sociographe 2022\/2 (N\u00b078), p.133-141.<\/p>\n\n\n\n<p>\u25cf <a href=\"https:\/\/drive.google.com\/file\/d\/1dtCo5e_wqQ7i_BHdWbPnaF6vuvcjLDes\/view?usp=sharing\" target=\"_blank\" rel=\"noreferrer noopener\">Entre savoirs acad\u00e9miques, savoirs professionnels et savoirs exp\u00e9rientiels<\/a>, VST &#8211; Vie sociale et traitement 2019\/2 (N\u00b0142), p.108-112.<\/p>\n\n\n\n<p>\u25cf <a href=\"https:\/\/drive.google.com\/file\/d\/1MYQDgZ5DPvDw7uZyQp37zM7VzXLLtD-W\/view?usp=sharing\" target=\"_blank\" rel=\"noreferrer noopener\">De la conscience de classe \u00e0 la d\u00e9fense du travail social<\/a>, Le sociographe 2018\/1 (N\u00b0 61), p.25-34.<\/p>\n\n\n\n<p>\u25cf <a href=\"https:\/\/drive.google.com\/file\/d\/1ivjvnLQfR9YJxOUpJ0X8troXCccqsfw6\/view?usp=sharing\" target=\"_blank\" rel=\"noreferrer noopener\">L&rsquo;acc\u00e8s \u00e0 un centre d\u2019h\u00e9bergement d\u2019insertion : les inconditionnelles conditions<\/a>, VST &#8211; Vie sociale et traitements 2017\/2 (N\u00b0 134), p. 89-93.<\/p>\n\n\n\n<p>\u25cf <a href=\"https:\/\/drive.google.com\/file\/d\/1tqW2OXWft4kN48O-nNNDFgYE2rWwyNZh\/view?usp=sharing\" target=\"_blank\" rel=\"noreferrer noopener\">Errance institutionnelle, SDF et grands exclus<\/a>, Le sociographe 2016\/1 (N\u00b0 53), p. 49-60.<\/p>\n","protected":false},"excerpt":{"rendered":"<p>Notre expertise \u00e0 votre service Didascalie est un cabinet de formation et de conseil d\u00e9di\u00e9 aux professionnels de l\u2019action sociale et m\u00e9dico-sociale. Nos prestations s\u2019appuient sur une p\u00e9dagogie et un accompagnement adapt\u00e9s aux travailleurs sociaux et aux cadres, quels que soient les publics qu&rsquo;ils accueillent. \u00c0 la lumi\u00e8re d\u2019Edgar Morin, nous nous inscrivons dans le [&hellip;]<\/p>\n","protected":false},"author":1,"featured_media":0,"parent":0,"menu_order":0,"comment_status":"closed","ping_status":"closed","template":"","meta":[],"yoast_head":"<!-- This site is optimized with the Yoast SEO plugin v20.4 - https:\/\/yoast.com\/wordpress\/plugins\/seo\/ -->\n<title>Didascalie - Formation &amp; Conseil<\/title>\n<meta name=\"description\" content=\"Didascalie est un cabinet de formation et de conseil en action sociale et m\u00e9dico-sociale\" \/>\n<meta name=\"robots\" content=\"index, follow, max-snippet:-1, max-image-preview:large, max-video-preview:-1\" \/>\n<link rel=\"canonical\" href=\"https:\/\/didascalieafr.com\/\" \/>\n<meta property=\"og:locale\" content=\"fr_FR\" \/>\n<meta property=\"og:type\" content=\"article\" \/>\n<meta property=\"og:title\" content=\"Didascalie - Formation &amp; Conseil\" \/>\n<meta property=\"og:description\" content=\"Didascalie est un cabinet de formation et de conseil en action sociale et m\u00e9dico-sociale\" \/>\n<meta property=\"og:url\" content=\"https:\/\/didascalieafr.com\/\" \/>\n<meta property=\"og:site_name\" content=\"Didascalie\" \/>\n<meta property=\"article:modified_time\" content=\"2025-09-22T13:31:32+00:00\" \/>\n<meta property=\"og:image\" content=\"https:\/\/didascalieafr.com\/wp-content\/uploads\/2025\/08\/IMG_20250824_144513-1-1024x999.jpg\" \/>\n<meta name=\"twitter:card\" content=\"summary_large_image\" \/>\n<meta name=\"twitter:label1\" content=\"Dur\u00e9e de lecture estim\u00e9e\" \/>\n\t<meta name=\"twitter:data1\" content=\"2 minutes\" \/>\n<script type=\"application\/ld+json\" class=\"yoast-schema-graph\">{\"@context\":\"https:\/\/schema.org\",\"@graph\":[{\"@type\":\"WebPage\",\"@id\":\"https:\/\/didascalieafr.com\/\",\"url\":\"https:\/\/didascalieafr.com\/\",\"name\":\"Didascalie - Formation & Conseil\",\"isPartOf\":{\"@id\":\"https:\/\/didascalieafr.com\/#website\"},\"datePublished\":\"2020-03-23T08:46:51+00:00\",\"dateModified\":\"2025-09-22T13:31:32+00:00\",\"description\":\"Didascalie est un cabinet de formation et de conseil en action sociale et m\u00e9dico-sociale\",\"breadcrumb\":{\"@id\":\"https:\/\/didascalieafr.com\/#breadcrumb\"},\"inLanguage\":\"fr-FR\",\"potentialAction\":[{\"@type\":\"ReadAction\",\"target\":[\"https:\/\/didascalieafr.com\/\"]}]},{\"@type\":\"BreadcrumbList\",\"@id\":\"https:\/\/didascalieafr.com\/#breadcrumb\",\"itemListElement\":[{\"@type\":\"ListItem\",\"position\":1,\"name\":\"Accueil\",\"item\":\"https:\/\/didascalieafr.com\/\"},{\"@type\":\"ListItem\",\"position\":2,\"name\":\"ACCUEIL\"}]},{\"@type\":\"WebSite\",\"@id\":\"https:\/\/didascalieafr.com\/#website\",\"url\":\"https:\/\/didascalieafr.com\/\",\"name\":\"Didascalie\",\"description\":\"DES M\u00c9THODES ET DES ACTIONS AU SERVICE DE l&#039;HUMAIN\",\"potentialAction\":[{\"@type\":\"SearchAction\",\"target\":{\"@type\":\"EntryPoint\",\"urlTemplate\":\"https:\/\/didascalieafr.com\/?s={search_term_string}\"},\"query-input\":\"required name=search_term_string\"}],\"inLanguage\":\"fr-FR\"}]}<\/script>\n<!-- \/ Yoast SEO plugin. -->","yoast_head_json":{"title":"Didascalie - Formation & Conseil","description":"Didascalie est un cabinet de formation et de conseil en action sociale et m\u00e9dico-sociale","robots":{"index":"index","follow":"follow","max-snippet":"max-snippet:-1","max-image-preview":"max-image-preview:large","max-video-preview":"max-video-preview:-1"},"canonical":"https:\/\/didascalieafr.com\/","og_locale":"fr_FR","og_type":"article","og_title":"Didascalie - Formation & Conseil","og_description":"Didascalie est un cabinet de formation et de conseil en action sociale et m\u00e9dico-sociale","og_url":"https:\/\/didascalieafr.com\/","og_site_name":"Didascalie","article_modified_time":"2025-09-22T13:31:32+00:00","og_image":[{"url":"https:\/\/didascalieafr.com\/wp-content\/uploads\/2025\/08\/IMG_20250824_144513-1-1024x999.jpg"}],"twitter_card":"summary_large_image","twitter_misc":{"Dur\u00e9e de lecture estim\u00e9e":"2 minutes"},"schema":{"@context":"https:\/\/schema.org","@graph":[{"@type":"WebPage","@id":"https:\/\/didascalieafr.com\/","url":"https:\/\/didascalieafr.com\/","name":"Didascalie - Formation & Conseil","isPartOf":{"@id":"https:\/\/didascalieafr.com\/#website"},"datePublished":"2020-03-23T08:46:51+00:00","dateModified":"2025-09-22T13:31:32+00:00","description":"Didascalie est un cabinet de formation et de conseil en action sociale et m\u00e9dico-sociale","breadcrumb":{"@id":"https:\/\/didascalieafr.com\/#breadcrumb"},"inLanguage":"fr-FR","potentialAction":[{"@type":"ReadAction","target":["https:\/\/didascalieafr.com\/"]}]},{"@type":"BreadcrumbList","@id":"https:\/\/didascalieafr.com\/#breadcrumb","itemListElement":[{"@type":"ListItem","position":1,"name":"Accueil","item":"https:\/\/didascalieafr.com\/"},{"@type":"ListItem","position":2,"name":"ACCUEIL"}]},{"@type":"WebSite","@id":"https:\/\/didascalieafr.com\/#website","url":"https:\/\/didascalieafr.com\/","name":"Didascalie","description":"DES M\u00c9THODES ET DES ACTIONS AU SERVICE DE l&#039;HUMAIN","potentialAction":[{"@type":"SearchAction","target":{"@type":"EntryPoint","urlTemplate":"https:\/\/didascalieafr.com\/?s={search_term_string}"},"query-input":"required name=search_term_string"}],"inLanguage":"fr-FR"}]}},"_links":{"self":[{"href":"https:\/\/didascalieafr.com\/index.php?rest_route=\/wp\/v2\/pages\/47"}],"collection":[{"href":"https:\/\/didascalieafr.com\/index.php?rest_route=\/wp\/v2\/pages"}],"about":[{"href":"https:\/\/didascalieafr.com\/index.php?rest_route=\/wp\/v2\/types\/page"}],"author":[{"embeddable":true,"href":"https:\/\/didascalieafr.com\/index.php?rest_route=\/wp\/v2\/users\/1"}],"replies":[{"embeddable":true,"href":"https:\/\/didascalieafr.com\/index.php?rest_route=%2Fwp%2Fv2%2Fcomments&post=47"}],"version-history":[{"count":57,"href":"https:\/\/didascalieafr.com\/index.php?rest_route=\/wp\/v2\/pages\/47\/revisions"}],"predecessor-version":[{"id":777,"href":"https:\/\/didascalieafr.com\/index.php?rest_route=\/wp\/v2\/pages\/47\/revisions\/777"}],"wp:attachment":[{"href":"https:\/\/didascalieafr.com\/index.php?rest_route=%2Fwp%2Fv2%2Fmedia&parent=47"}],"curies":[{"name":"wp","href":"https:\/\/api.w.org\/{rel}","templated":true}]}}