{"id":288,"date":"2022-08-30T14:57:50","date_gmt":"2022-08-30T14:57:50","guid":{"rendered":"http:\/\/didascalieafr.com\/?page_id=288"},"modified":"2025-08-19T12:49:03","modified_gmt":"2025-08-19T12:49:03","slug":"references","status":"publish","type":"page","link":"https:\/\/didascalieafr.com\/?page_id=288","title":{"rendered":"R\u00c9F\u00c9RENCES"},"content":{"rendered":"\n<p><\/p>\n\n\n\n<ul>\n<li><strong>Association AAPEAI<\/strong> &#8211; Diemeringen (67) &#8211; <em>\u00c9valuation de la qualit\u00e9, R\u00e9f\u00e9rentiel HAS 2022<\/em><\/li>\n\n\n\n<li><strong>Association Le Renouveau<\/strong> \u2013 Epinal (88) &#8211; <em>Pr\u00e9paration \u00e0 l&rsquo;\u00e9valuation de la qualit\u00e9 <\/em><\/li>\n\n\n\n<li><strong>Fondation de l\u2019Arm\u00e9e du Salut \u2013 CHRS La Halte<\/strong> &#8211; Orl\u00e9ans (45) &#8211; <em>\u00c9laboration et r\u00e9daction du projet d&rsquo;\u00e9tablissement<\/em><\/li>\n\n\n\n<li><strong>Fondation Saint Sauveur<\/strong> &#8211; Mulhouse (68) &#8211; <em>Analyse de la pratique professionnelle<\/em><\/li>\n\n\n\n<li><strong>Association du Foyer Notre Dame <\/strong>&#8211; Strasbourg (67) &#8211; <em>Formation : F\u00e9d\u00e9rer et faire \u00e9quipe<\/em><\/li>\n\n\n\n<li><strong>ARSEA &#8211; GALA<\/strong> &#8211; Strasbourg (67) &#8211; <em>Formation : Les visites \u00e0 domicile<\/em><\/li>\n\n\n\n<li><strong>Association Vilaje <\/strong>&#8211; Strasbourg (67) &#8211; <em>\u00c9valuation de la qualit\u00e9, R\u00e9f\u00e9rentiel HAS 2022<\/em><\/li>\n\n\n\n<li><strong>Association L&rsquo;Ermitage<\/strong> &#8211; Mulhouse (68) &#8211; <em>\u00c9valuation de la qualit\u00e9<\/em>, R\u00e9f\u00e9rentiel <em>HAS 2022<\/em><\/li>\n\n\n\n<li><strong>Association J-B Thiery \u2013 IME, MAS, EEAP \u2013<\/strong> Max\u00e9ville (54) &#8211; <em>Formation :  Les \u00e9crits professionnels <\/em><\/li>\n\n\n\n<li><strong>Association Le Bercail \u2013 SEADR, MECS \u2013 <\/strong>Guebwiller (68) &#8211; <em>Recherche action \/ Analyse de la pratique professionnelle<\/em><\/li>\n\n\n\n<li><strong>Fondation de l\u2019Arm\u00e9e du Salut \u2013 CHRS Catherine Booth, CHU Montparnasse \u2013 <\/strong>Paris (75) &#8211; <em>\u00c9laboration et r\u00e9daction du projet d&rsquo;\u00e9tablissement <\/em><\/li>\n\n\n\n<li><strong>Association France Horizon \u2013 CHRS \u2013 <\/strong>Strasbourg (67) &#8211; <em>Formation : M\u00e9thodologie d&rsquo;intervention et postures professionnelles<\/em><\/li>\n\n\n\n<li><strong>Association Le Renouveau \u2013 CHRS, Centre d\u2019h\u00e9bergement d\u2019urgence<\/strong> \u2013 Epinal (88) &#8211; <em>Formation : Le projet personnalis\u00e9 <\/em><\/li>\n\n\n\n<li> <strong>Fondation de l\u2019Arm\u00e9e du Salut \u2013 CHRS Le Palais du Peuple<\/strong> \u2013 Paris (75) &#8211; <em>\u00c9laboration et r\u00e9daction du projet d&rsquo;humanisation du CHRS et du projet social de la pension de famille <\/em><\/li>\n\n\n\n<li><strong>Fondation La Providence \u2013 MECS<\/strong> (en collaboration avec Aleis Conseil)<strong> \u2013 <\/strong>Hilsenheim (67) &#8211; <em>\u00c9laboration et r\u00e9daction du projet d&rsquo;\u00e9tablissement <\/em><\/li>\n\n\n\n<li><strong>Maison de l\u2019enfance et de la famille<\/strong> (en collaboration avec Aleis Conseil)<strong> \u2013 <\/strong>Golbey (88) &#8211; <em>\u00c9laboration et r\u00e9daction du projet d&rsquo;\u00e9tablissement <\/em><\/li>\n\n\n\n<li><strong>Centre \u00e9ducatif<\/strong> \u2013 <strong>Maison d\u2019enfants \u00e0 caract\u00e8re social<\/strong> \u2013 Sedan (08) &#8211; <em>Formation : Le projet personnalis\u00e9<\/em><\/li>\n\n\n\n<li><strong>Centre d\u00e9partemental de l\u2019enfance<\/strong> (en collaboration avec Aleis Conseil) \u2013 Montb\u00e9liard (25) &#8211;<em> Analyse institutionnelle <\/em><\/li>\n\n\n\n<li><strong>Fondation de l\u2019Arm\u00e9e du Salut \u2013 CHRS, Centre d\u2019h\u00e9bergement d\u2019urgence<\/strong> \u2013 Reims (51) &#8211; <em>Formation :  Les \u00e9crits professionnels <\/em><\/li>\n\n\n\n<li><strong>Fondation Vincent de Paul \u2013 Centre \u00e9ducatif ferm\u00e9<\/strong> \u2013 Forbach (57) &#8211; <em>Analyse de la pratique professionnelle<\/em><\/li>\n\n\n\n<li><strong>Fondation Vincent de Paul \u2013 Institut p\u00e9dagogique et th\u00e9rapeutique<\/strong> \u2013 Sarreguemines (57) &#8211; <em>Analyse de la pratique professionnelle<\/em><\/li>\n\n\n\n<li><strong>Association Accueil et R\u00e9insertion Sociale<\/strong> <strong>(ARS)<\/strong> \u2013 Nancy (54) &#8211; <em>Formations : Pr\u00e9carit\u00e9, d\u00e9saffiliation et sans abrisme \/ Addiction et pr\u00e9carit\u00e9 \/ L&rsquo;addiction au f\u00e9minin<\/em><\/li>\n\n\n\n<li><strong>Foyer Oberholz \u2013 Domie 1 et Domie 2<\/strong> (en collaboration avec Aleis Conseil) \u2013 Strasbourg (67) &#8211; <em>Audit<\/em><\/li>\n\n\n\n<li><strong>Fondation Vincent de Paul \u2013 R\u00e9sidence sociale, CADA, Escale<\/strong> \u2013 Strasbourg (67) &#8211; <em>Analyse de la pratique professionnelle<\/em><\/li>\n\n\n\n<li><strong>Fondation Vincent de Paul \u2013 Institut p\u00e9dagogique et th\u00e9rapeutique<\/strong> \u2013 Lettenbach (57) &#8211; <em>Analyse de la pratique professionnelle<\/em><\/li>\n\n\n\n<li><strong>Association Ville Plurielle<\/strong> \u2013 Hom\u00e9court (54) &#8211; <em>Diagnostic social \/<\/em> <em>Analyse de la pratique professionnelle<\/em> <\/li>\n\n\n\n<li><strong>Association d\u2019accueil et d\u2019h\u00e9bergement pour le jeunes<\/strong> \u2013 <strong>CHRS, Pension de famille<\/strong> \u2013 Strasbourg (67) &#8211; <em><em>Formations : Pr\u00e9carit\u00e9, d\u00e9saffiliation et sans abrisme<\/em><\/em> \/ <em>Les \u00e9crits professionnels<\/em><\/li>\n\n\n\n<li><strong>Fondation Vincent de Paul \u2013 Institut m\u00e9dico-\u00e9ducatif<\/strong> \u2013 Rettel (57) &#8211; <em>Analyse de la pratique professionnell<\/em>e<\/li>\n\n\n\n<li><strong>Fondation Vincent de Paul \u2013 SERAD et SESSAD<\/strong> \u2013 Richemont (57) &#8211; <em>Analyse de la pratique professionnell<\/em>e<\/li>\n\n\n\n<li><strong>Association du Foyer notre Dame<\/strong> \u2013 Strasbourg (67) &#8211; <em>Formations : Le projet personnalis\u00e9 \/ \u00catre tuteur de stage<\/em> \/ <em>Les visites \u00e0 domicile<\/em><\/li>\n\n\n\n<li><strong>Association Active<\/strong> \u2013 Metz (57) &#8211; <em>Analyse de la pratique professionnell<\/em>e<\/li>\n\n\n\n<li><strong>Association Carrefour<\/strong> \u2013 Metz (57) &#8211; <em>Analyse de la pratique professionnell<\/em>e<\/li>\n\n\n\n<li><strong>Groupe Hospitalier Saint Vincent<\/strong> \u2013 Strasbourg (67) &#8211; <em>Formation : La fonction de r\u00e9f\u00e9rent<\/em><\/li>\n\n\n\n<li><strong>Centre d\u00e9partemental de l\u2019enfance<\/strong> (en collaboration avec GERFI + ) \u2013 Cahors (46) &#8211; Formation : L&rsquo;accompagnement social de l&rsquo;usager de drogue<\/li>\n\n\n\n<li><strong>Foyer Le mirandis<\/strong> (en collaboration avec GERFI +) \u2013 Simard (71) &#8211; <em>Formation :  Les \u00e9crits professionnels <\/em><\/li>\n\n\n\n<li><strong>Croix rouge \u2013 CHUS<\/strong> (en collaboration avec GERFI +) \u2013 Tours (37) &#8211; <em>La pr\u00e9carit\u00e9 : Quelle approches ? <\/em><\/li>\n\n\n\n<li><strong>Institut d\u2019\u00e9ducation motrice Olbia<\/strong> (en collaboration avec GERFI +) \u2013 Hy\u00e8res (83) &#8211; <em>Formation :  Les \u00e9crits professionnels<\/em><\/li>\n<\/ul>\n\n\n\n<hr class=\"wp-block-separator has-css-opacity\"\/>\n\n\n\n<h2>T\u00e9moignages<\/h2>\n\n\n\n<div class=\"is-layout-flex wp-container-4 wp-block-columns\">\n<div class=\"is-layout-flow wp-block-column\">\n<p>J\u2019ai eu l\u2019occasion de participer \u00e0 deux formations propos\u00e9es par Didascalie. Celles-ci se sont d\u00e9roul\u00e9es dans <strong>un cadre bienveillant<\/strong>, avec une \u00e9coute attentive et int\u00e9ress\u00e9e. La m\u00e9thodologie utilis\u00e9e et la rigueur du formateur ont laiss\u00e9 place \u00e0 des \u00e9changes libres, tout en restant centr\u00e9 sur les probl\u00e9matiques abord\u00e9es. Ainsi, ces formations m\u2019ont permis de repartir avec <strong>des outils d\u2019analyse<\/strong> permettant de penser ma pratique, le cadre institutionnel qui l\u2019entoure et mon positionnement professionnel. <\/p>\n\n\n\n<p><em>Joanna Dyduch. Assistante sociale pour le personnel. Groupe Hospitalier Saint Vincent \u00e0 Strasbourg<\/em><\/p>\n<\/div>\n\n\n\n<div class=\"is-layout-flow wp-block-column\">\n<p>Nous avons pu participer \u00e0 la formation \u00ab\u00a0Addiction, pr\u00e9carit\u00e9 et genre\u00a0\u00bb. S\u00e9bastien Chardin a pu rendre cette <strong>formation vivante<\/strong>, notamment gr\u00e2ce \u00e0 ses explications claires, ses apports th\u00e9oriques et des supports de travail ludiques. <strong>Sa sympathie et son humour<\/strong> aident \u00e0 d\u00e9tendre l&rsquo;atmosph\u00e8re et \u00e0 cr\u00e9er une coh\u00e9sion dans le groupe de formation. <\/p>\n\n\n\n<p><em>Am\u00e9lie Franczak, Morgane Harezlzak, Julien Veitman. Educateurs et \u00e9ducatrices sp\u00e9cialis\u00e9s. Association accueil et R\u00e9insertion sociale (ARS) \u00e0 Nancy<\/em><\/p>\n<\/div>\n\n\n\n<div class=\"is-layout-flow wp-block-column\">\n<figure class=\"wp-block-image size-large is-resized\"><img decoding=\"async\" loading=\"lazy\" src=\"https:\/\/didascalieafr.com\/wp-content\/uploads\/2025\/04\/IMG_3675-683x1024.jpg\" alt=\"\" class=\"wp-image-743\" width=\"211\" height=\"316\" srcset=\"https:\/\/didascalieafr.com\/wp-content\/uploads\/2025\/04\/IMG_3675-683x1024.jpg 683w, https:\/\/didascalieafr.com\/wp-content\/uploads\/2025\/04\/IMG_3675-200x300.jpg 200w, https:\/\/didascalieafr.com\/wp-content\/uploads\/2025\/04\/IMG_3675-768x1152.jpg 768w, https:\/\/didascalieafr.com\/wp-content\/uploads\/2025\/04\/IMG_3675-1024x1536.jpg 1024w, https:\/\/didascalieafr.com\/wp-content\/uploads\/2025\/04\/IMG_3675-1365x2048.jpg 1365w, https:\/\/didascalieafr.com\/wp-content\/uploads\/2025\/04\/IMG_3675-scaled.jpg 1707w\" sizes=\"(max-width: 211px) 100vw, 211px\" \/><\/figure>\n<\/div>\n<\/div>\n\n\n\n<hr class=\"wp-block-separator has-css-opacity\"\/>\n\n\n\n<div class=\"is-layout-flex wp-container-8 wp-block-columns\">\n<div class=\"is-layout-flow wp-block-column\">\n<p>Ces trois journ\u00e9es de formation m&rsquo;ont permis de mieux appr\u00e9hender la d\u00e9marche de conception du projet personnalis\u00e9 . Les diff\u00e9rents \u00e9changes avec le formateur ont permis de <strong>cr\u00e9er des outils adapt\u00e9s<\/strong> aux sp\u00e9cificit\u00e9s de l&rsquo;accompagnement des familles dans le cadre de la protection de l&rsquo;enfance. <strong>Ce temps de formation a \u00e9t\u00e9 d&rsquo;une grande richesse<\/strong> car j&rsquo;ai pu me recentrer sur mes missions et valeurs que je souhaite appliquer au quotidien dans mon travail. <\/p>\n\n\n\n<p><em>Megane Gille. Assistante de service social. Centre parental Esperance de l&rsquo;ARSEA \u00e0 Strasbourg<\/em><\/p>\n<\/div>\n\n\n\n<div class=\"is-layout-flow wp-block-column\">\n<p>Dans une d\u00e9marche de formation active, les contenus propos\u00e9s par Didascalie permettent de <strong>remettre en question les pratiques de terrain<\/strong> et de r\u00e9fl\u00e9chir aux am\u00e9liorations possibles. Les outils cr\u00e9\u00e9s sont alors facilement mis en place au sein de notre structure.<\/p>\n\n\n\n<p>Tr\u00e8s \u00e0 l\u2019\u00e9coute, le formateur propose <strong>des analyses pertinentes<\/strong> et adapt\u00e9es \u00e0 la r\u00e9alit\u00e9 du terrain.<\/p>\n\n\n\n<p><em>Joanna Gangloff, Laura Mayer. Educatrice sp\u00e9cialis\u00e9e. Foyer Notre Dame \u00e0 Strasbourg<\/em><\/p>\n<\/div>\n\n\n\n<div class=\"is-layout-flow wp-block-column\">\n<figure class=\"wp-block-image size-large is-resized\"><img decoding=\"async\" loading=\"lazy\" src=\"https:\/\/didascalieafr.com\/wp-content\/uploads\/2025\/04\/IMG_3638-683x1024.jpg\" alt=\"\" class=\"wp-image-746\" width=\"207\" height=\"310\" srcset=\"https:\/\/didascalieafr.com\/wp-content\/uploads\/2025\/04\/IMG_3638-683x1024.jpg 683w, https:\/\/didascalieafr.com\/wp-content\/uploads\/2025\/04\/IMG_3638-200x300.jpg 200w, https:\/\/didascalieafr.com\/wp-content\/uploads\/2025\/04\/IMG_3638-768x1152.jpg 768w, https:\/\/didascalieafr.com\/wp-content\/uploads\/2025\/04\/IMG_3638-1024x1536.jpg 1024w, https:\/\/didascalieafr.com\/wp-content\/uploads\/2025\/04\/IMG_3638-1365x2048.jpg 1365w, https:\/\/didascalieafr.com\/wp-content\/uploads\/2025\/04\/IMG_3638-scaled.jpg 1707w\" sizes=\"(max-width: 207px) 100vw, 207px\" \/><\/figure>\n<\/div>\n<\/div>\n\n\n\n<hr class=\"wp-block-separator has-css-opacity\"\/>\n\n\n\n<div class=\"is-layout-flex wp-container-12 wp-block-columns\">\n<div class=\"is-layout-flow wp-block-column\">\n<p>Nous avons pass\u00e9s un agr\u00e9able moment avec S\u00e9bastien lors de 2 formations. Professionnel de terrain reconverti en formateur qui ma\u00eetrise ses sujets. <strong>Les formations sont dynamiques<\/strong> et adapt\u00e9es aux professionnels et leurs pratiques. Le formateur est <strong>\u00e0 l&rsquo;\u00e9coute et dans l&rsquo;\u00e9change avec les<\/strong> <strong>participants<\/strong>. On en ressort avec des outils \u00e0 mettre en place et pleins de savoirs. Nous ne pouvons que recommander Didascalie et son formateur. <\/p>\n\n\n\n<p><em>Megane Leroy, Claire Carlier-Voinot. Educatrices sp\u00e9cialis\u00e9es. Association Accueil et R\u00e9insertion Sociale (ARS) \u00e0 Nancy<\/em><\/p>\n<\/div>\n\n\n\n<div class=\"is-layout-flow wp-block-column\">\n<p>Lors des GAPP, M. Chardin apporte <strong>des conseils et des solutions<\/strong> qui permettent aux \u00e9quipes de r\u00e9pondre aux probl\u00e9matiques du quotidien. Il nous am\u00e8ne \u00e0 r\u00e9fl\u00e9chir et \u00e0 avoir une posture d&rsquo;ouverture permettant d&rsquo;accepter la vision des autres. De plus, \u00e0 l&rsquo;\u00e9coute des professionnels, il apporte de bons conseils pour <strong>am\u00e9liorer la communication et les postures professionnelles<\/strong> de chacun. <\/p>\n\n\n\n<p><em>Sophie Steinmetz et Laurent Berrier. Co-directeur de l\u2019association Ville Pluriell<\/em>e<em> \u00e0 Hom\u00e9court<\/em><\/p>\n<\/div>\n\n\n\n<div class=\"is-layout-flow wp-block-column\">\n<figure class=\"wp-block-image size-large is-resized\"><img decoding=\"async\" loading=\"lazy\" src=\"https:\/\/didascalieafr.com\/wp-content\/uploads\/2025\/04\/Image-1-769x1024.jpg\" alt=\"\" class=\"wp-image-748\" width=\"204\" height=\"271\" srcset=\"https:\/\/didascalieafr.com\/wp-content\/uploads\/2025\/04\/Image-1-769x1024.jpg 769w, https:\/\/didascalieafr.com\/wp-content\/uploads\/2025\/04\/Image-1-225x300.jpg 225w, https:\/\/didascalieafr.com\/wp-content\/uploads\/2025\/04\/Image-1-768x1023.jpg 768w, https:\/\/didascalieafr.com\/wp-content\/uploads\/2025\/04\/Image-1.jpg 811w\" sizes=\"(max-width: 204px) 100vw, 204px\" \/><\/figure>\n<\/div>\n<\/div>\n\n\n\n<hr class=\"wp-block-separator has-alpha-channel-opacity\"\/>\n\n\n\n<div class=\"is-layout-flex wp-container-14 wp-block-columns\">\n<div class=\"is-layout-flow wp-block-column\">\n<p>Je tiens \u00e0 exprimer ma profonde gratitude envers S\u00e9bastien Mr CHARDIN pour son r\u00f4le  en tant qu\u2019animateur de nos groupes d\u2019analyse de pratique. Son expertise et son approche bienveillante ont grandement contribu\u00e9 \u00e0 la qualit\u00e9 des \u00e9changes et \u00e0 l\u2019\u00e9volution de notre pratique professionnelle.<\/p>\n\n\n\n<p>D\u00e8s le d\u00e9but, Mr S\u00e9bastien CHARDIN a su instaurer un climat de confiance et de respect, essentiel pour permettre \u00e0 chacun de s\u2019exprimer librement et de partager ses exp\u00e9riences sans crainte de jugement. Sa capacit\u00e9 \u00e0 poser les bonnes questions et \u00e0 encourager la r\u00e9flexion critique a \u00e9t\u00e9 particuli\u00e8rement appr\u00e9ci\u00e9e. Gr\u00e2ce \u00e0 ses interventions, les professionnels ont pu identifier des pistes d\u2019am\u00e9lioration concr\u00e8tes et renforcer leur coh\u00e9sion d\u2019\u00e9quipe.<\/p>\n\n\n\n<p>Les s\u00e9ances d\u2019analyse de pratique anim\u00e9es par Mr S\u00e9bastien CHARDIN ont non seulement enrichi notre compr\u00e9hension des situations complexes, mais elles ont \u00e9galement favoris\u00e9 le d\u00e9veloppement de nouvelles comp\u00e9tences et orientations strat\u00e9giques. Son \u00e9coute active et son feedback constructif ont \u00e9t\u00e9 des \u00e9l\u00e9ments cl\u00e9s dans ce processus d\u2019apprentissage.<\/p>\n\n\n\n<p><em>Hichem Raddadi. Senior Manager, Directeur adjoint. DITEP de Sarreguemines. Fondation Vincent de Paul<\/em> <\/p>\n\n\n\n<p><\/p>\n\n\n\n<hr class=\"wp-block-separator has-alpha-channel-opacity\"\/>\n\n\n\n<p><a href=\"https:\/\/drive.google.com\/file\/d\/10YceJBK22QHPglvsJyZopeex9lzLzama\/view?usp=drive_link\" target=\"_blank\" rel=\"noreferrer noopener\">Recommandation <em>Louis NGWABIJE, Directeur CHRS Palais du Peuple. Fondation de l&rsquo;Arm\u00e9e du Salut<\/em><\/a><em>  <\/em><\/p>\n<\/div>\n<\/div>\n\n\n\n<hr class=\"wp-block-separator has-alpha-channel-opacity\"\/>\n\n\n\n<h2>  <\/h2>\n\n\n\n<p><\/p>\n","protected":false},"excerpt":{"rendered":"<p>T\u00e9moignages J\u2019ai eu l\u2019occasion de participer \u00e0 deux formations propos\u00e9es par Didascalie. Celles-ci se sont d\u00e9roul\u00e9es dans un cadre bienveillant, avec une \u00e9coute attentive et int\u00e9ress\u00e9e. La m\u00e9thodologie utilis\u00e9e et la rigueur du formateur ont laiss\u00e9 place \u00e0 des \u00e9changes libres, tout en restant centr\u00e9 sur les probl\u00e9matiques abord\u00e9es. Ainsi, ces formations m\u2019ont permis de [&hellip;]<\/p>\n","protected":false},"author":1,"featured_media":0,"parent":0,"menu_order":0,"comment_status":"closed","ping_status":"closed","template":"","meta":[],"yoast_head":"<!-- This site is optimized with the Yoast SEO plugin v20.4 - https:\/\/yoast.com\/wordpress\/plugins\/seo\/ -->\n<title>R\u00c9F\u00c9RENCES - Didascalie<\/title>\n<meta name=\"robots\" content=\"index, follow, max-snippet:-1, max-image-preview:large, max-video-preview:-1\" \/>\n<link rel=\"canonical\" href=\"https:\/\/didascalieafr.com\/?page_id=288\" \/>\n<meta property=\"og:locale\" content=\"fr_FR\" \/>\n<meta property=\"og:type\" content=\"article\" \/>\n<meta property=\"og:title\" content=\"R\u00c9F\u00c9RENCES - Didascalie\" \/>\n<meta property=\"og:description\" content=\"T\u00e9moignages J\u2019ai eu l\u2019occasion de participer \u00e0 deux formations propos\u00e9es par Didascalie. Celles-ci se sont d\u00e9roul\u00e9es dans un cadre bienveillant, avec une \u00e9coute attentive et int\u00e9ress\u00e9e. La m\u00e9thodologie utilis\u00e9e et la rigueur du formateur ont laiss\u00e9 place \u00e0 des \u00e9changes libres, tout en restant centr\u00e9 sur les probl\u00e9matiques abord\u00e9es. Ainsi, ces formations m\u2019ont permis de [&hellip;]\" \/>\n<meta property=\"og:url\" content=\"https:\/\/didascalieafr.com\/?page_id=288\" \/>\n<meta property=\"og:site_name\" content=\"Didascalie\" \/>\n<meta property=\"article:modified_time\" content=\"2025-08-19T12:49:03+00:00\" \/>\n<meta property=\"og:image\" content=\"https:\/\/didascalieafr.com\/wp-content\/uploads\/2025\/04\/IMG_3675-683x1024.jpg\" \/>\n<meta name=\"twitter:card\" content=\"summary_large_image\" \/>\n<meta name=\"twitter:label1\" content=\"Dur\u00e9e de lecture estim\u00e9e\" \/>\n\t<meta name=\"twitter:data1\" content=\"7 minutes\" \/>\n<script type=\"application\/ld+json\" class=\"yoast-schema-graph\">{\"@context\":\"https:\/\/schema.org\",\"@graph\":[{\"@type\":\"WebPage\",\"@id\":\"https:\/\/didascalieafr.com\/?page_id=288\",\"url\":\"https:\/\/didascalieafr.com\/?page_id=288\",\"name\":\"R\u00c9F\u00c9RENCES - Didascalie\",\"isPartOf\":{\"@id\":\"https:\/\/didascalieafr.com\/#website\"},\"datePublished\":\"2022-08-30T14:57:50+00:00\",\"dateModified\":\"2025-08-19T12:49:03+00:00\",\"breadcrumb\":{\"@id\":\"https:\/\/didascalieafr.com\/?page_id=288#breadcrumb\"},\"inLanguage\":\"fr-FR\",\"potentialAction\":[{\"@type\":\"ReadAction\",\"target\":[\"https:\/\/didascalieafr.com\/?page_id=288\"]}]},{\"@type\":\"BreadcrumbList\",\"@id\":\"https:\/\/didascalieafr.com\/?page_id=288#breadcrumb\",\"itemListElement\":[{\"@type\":\"ListItem\",\"position\":1,\"name\":\"Accueil\",\"item\":\"https:\/\/didascalieafr.com\/\"},{\"@type\":\"ListItem\",\"position\":2,\"name\":\"R\u00c9F\u00c9RENCES\"}]},{\"@type\":\"WebSite\",\"@id\":\"https:\/\/didascalieafr.com\/#website\",\"url\":\"https:\/\/didascalieafr.com\/\",\"name\":\"Didascalie\",\"description\":\"DES M\u00c9THODES ET DES ACTIONS AU SERVICE DE l&#039;HUMAIN\",\"potentialAction\":[{\"@type\":\"SearchAction\",\"target\":{\"@type\":\"EntryPoint\",\"urlTemplate\":\"https:\/\/didascalieafr.com\/?s={search_term_string}\"},\"query-input\":\"required name=search_term_string\"}],\"inLanguage\":\"fr-FR\"}]}<\/script>\n<!-- \/ Yoast SEO plugin. -->","yoast_head_json":{"title":"R\u00c9F\u00c9RENCES - Didascalie","robots":{"index":"index","follow":"follow","max-snippet":"max-snippet:-1","max-image-preview":"max-image-preview:large","max-video-preview":"max-video-preview:-1"},"canonical":"https:\/\/didascalieafr.com\/?page_id=288","og_locale":"fr_FR","og_type":"article","og_title":"R\u00c9F\u00c9RENCES - Didascalie","og_description":"T\u00e9moignages J\u2019ai eu l\u2019occasion de participer \u00e0 deux formations propos\u00e9es par Didascalie. Celles-ci se sont d\u00e9roul\u00e9es dans un cadre bienveillant, avec une \u00e9coute attentive et int\u00e9ress\u00e9e. La m\u00e9thodologie utilis\u00e9e et la rigueur du formateur ont laiss\u00e9 place \u00e0 des \u00e9changes libres, tout en restant centr\u00e9 sur les probl\u00e9matiques abord\u00e9es. Ainsi, ces formations m\u2019ont permis de [&hellip;]","og_url":"https:\/\/didascalieafr.com\/?page_id=288","og_site_name":"Didascalie","article_modified_time":"2025-08-19T12:49:03+00:00","og_image":[{"url":"https:\/\/didascalieafr.com\/wp-content\/uploads\/2025\/04\/IMG_3675-683x1024.jpg"}],"twitter_card":"summary_large_image","twitter_misc":{"Dur\u00e9e de lecture estim\u00e9e":"7 minutes"},"schema":{"@context":"https:\/\/schema.org","@graph":[{"@type":"WebPage","@id":"https:\/\/didascalieafr.com\/?page_id=288","url":"https:\/\/didascalieafr.com\/?page_id=288","name":"R\u00c9F\u00c9RENCES - Didascalie","isPartOf":{"@id":"https:\/\/didascalieafr.com\/#website"},"datePublished":"2022-08-30T14:57:50+00:00","dateModified":"2025-08-19T12:49:03+00:00","breadcrumb":{"@id":"https:\/\/didascalieafr.com\/?page_id=288#breadcrumb"},"inLanguage":"fr-FR","potentialAction":[{"@type":"ReadAction","target":["https:\/\/didascalieafr.com\/?page_id=288"]}]},{"@type":"BreadcrumbList","@id":"https:\/\/didascalieafr.com\/?page_id=288#breadcrumb","itemListElement":[{"@type":"ListItem","position":1,"name":"Accueil","item":"https:\/\/didascalieafr.com\/"},{"@type":"ListItem","position":2,"name":"R\u00c9F\u00c9RENCES"}]},{"@type":"WebSite","@id":"https:\/\/didascalieafr.com\/#website","url":"https:\/\/didascalieafr.com\/","name":"Didascalie","description":"DES M\u00c9THODES ET DES ACTIONS AU SERVICE DE l&#039;HUMAIN","potentialAction":[{"@type":"SearchAction","target":{"@type":"EntryPoint","urlTemplate":"https:\/\/didascalieafr.com\/?s={search_term_string}"},"query-input":"required name=search_term_string"}],"inLanguage":"fr-FR"}]}},"_links":{"self":[{"href":"https:\/\/didascalieafr.com\/index.php?rest_route=\/wp\/v2\/pages\/288"}],"collection":[{"href":"https:\/\/didascalieafr.com\/index.php?rest_route=\/wp\/v2\/pages"}],"about":[{"href":"https:\/\/didascalieafr.com\/index.php?rest_route=\/wp\/v2\/types\/page"}],"author":[{"embeddable":true,"href":"https:\/\/didascalieafr.com\/index.php?rest_route=\/wp\/v2\/users\/1"}],"replies":[{"embeddable":true,"href":"https:\/\/didascalieafr.com\/index.php?rest_route=%2Fwp%2Fv2%2Fcomments&post=288"}],"version-history":[{"count":63,"href":"https:\/\/didascalieafr.com\/index.php?rest_route=\/wp\/v2\/pages\/288\/revisions"}],"predecessor-version":[{"id":761,"href":"https:\/\/didascalieafr.com\/index.php?rest_route=\/wp\/v2\/pages\/288\/revisions\/761"}],"wp:attachment":[{"href":"https:\/\/didascalieafr.com\/index.php?rest_route=%2Fwp%2Fv2%2Fmedia&parent=288"}],"curies":[{"name":"wp","href":"https:\/\/api.w.org\/{rel}","templated":true}]}}